{"id":3333,"date":"2022-12-17T15:21:26","date_gmt":"2022-12-17T18:21:26","guid":{"rendered":"https:\/\/www.hmmsiguai.com\/site\/?page_id=3333"},"modified":"2022-12-17T17:04:48","modified_gmt":"2022-12-17T20:04:48","slug":"inicio","status":"publish","type":"page","link":"https:\/\/www.hmmsiguai.com\/site\/","title":{"rendered":"In\u00edcio"},"content":{"rendered":"<section id=\"bt_section69e278b9ce2bc\"  class=\"boldSection btDarkSkin btAlternateColorBackground inherit\" style=\"background-color:#f4f4f4  !important;\"><div class=\"port\"><div class=\"boldCell\"><div class=\"boldCellInner\"><div class=\"boldRow \" ><div class=\"boldRowInner\"><div class=\"rowItem col-md-12 col-ms-12  btTextLeft btBottomVertical\"  data-width=\"12\"><div class=\"rowItemContent\" ><div class=\"slided autoSliderHeight\"  data-slick='{}' data-simple_arrows=\"no\"><div class=\"slidedItem firstItem\"  data-thumb=\"https:\/\/www.hmmsiguai.com\/site\/wp-content\/uploads\/2022\/12\/Hospital-Manoel-Martins-de-Souza-640x392.jpg\"><div class=\"btSliderPort wBackground cover\" style=\"background-image: url('https:\/\/www.hmmsiguai.com\/site\/wp-content\/uploads\/2022\/12\/Hospital-Manoel-Martins-de-Souza.jpg')\"><div class=\"btSliderCell\" data-slick=\"yes\"><div class=\"btSlideGutter\"><div class=\"btSlidePane\"><div class=\"btClear btSeparator topSpaced noBorder\" ><hr><\/div><div class=\"boldRow \" style=\"max-width: 750px;\"><div class=\"boldRowInner\"><div class=\"rowItem rowInnerItem col-sm-4  btTextCenter btMiddleVertical animate animate-fadein\" style=\"background-color: rgba(255, 255, 255, 0.95);\" ><div class=\"rowItemContent\"><div class=\"bpgPhoto btDefaultHoverType visible-lg visible-md visible-sm\" > \r\n\t\t\t\t\t<a href=\"#\" target=\"_self\" title=\"\"><\/a>\r\n\t\t\t\t\t<div class=\"boldPhotoBox\"><div class=\"bpbItem\"><div class = \"btImage\"><img src=\"https:\/\/www.hmmsiguai.com\/site\/wp-content\/uploads\/2022\/12\/favicon.png\" alt=\"\" title=\"\"><\/div><\/div><\/div>\r\n\t\t\t\t\t<div class=\"captionPane btDarkSkin btTextCenter\">\r\n\t\t\t\t\t\t<div class=\"captionTable\">\r\n\t\t\t\t\t\t\t<div class=\"captionCell\">\r\n\t\t\t\t\t\t\t\t<div class=\"captionTxt\"><\/div>\r\n\t\t\t\t\t\t\t<\/div>\r\n\t\t\t\t\t\t<\/div>\r\n\t\t\t\t\t<\/div><\/div><div class=\"btClear btSeparator bottomSemiSpaced noBorder\" ><hr><\/div><\/div><\/div><div class=\"rowItem rowInnerItem col-sm-8  btTextLeft inherit btDoublePadding animate animate-fadein btLightSkin\" style=\"background-color: rgba(255, 255, 255, 0.95);\" ><div class=\"rowItemContent\"><div class=\"btClear btSeparator bottomSemiSpaced noBorder\" ><hr><\/div><header class=\"header btClear extralarge btDash bottomDash  bold\" ><div class=\"dash\"><h1><span class=\"headline\">Sa\u00fade <b class=\"animate\">&amp;<\/b>\r<br>Cuidado<\/span><\/h1><\/div><\/header><div class=\"btText\" ><p><strong>H\u00e1 v\u00e1rios anos, o Hospital Manoel Martins de Souza \u00e9 o porto seguro da sa\u00fade para popula\u00e7\u00e3o de Igua\u00ed, Bahia<br \/>\n<\/strong><\/p>\n<\/div><div class=\"btClear btSeparator topSmallSpaced noBorder\" ><hr><\/div><a href=\"#\" class=\"btBtn btBtn btnFilledStyle btnAccentColor btnSmall btnNormalWidth btnRightPosition btnIco\" ><span class=\"btnInnerText\">Conhe\u00e7a nossa hist\u00f3ria<\/span><span class=\"btIco \"><span  data-ico-fa=\"&#xf105;\" class=\"btIcoHolder\"><\/span><\/span><\/a><div class=\"btClear btSeparator bottomSemiSpaced noBorder\" ><hr><\/div><\/div><\/div><\/div><\/div><div class=\"btClear btSeparator topSpaced noBorder\" ><hr><\/div><\/div><\/div><\/div><\/div><\/div><\/div><\/div><\/div><\/div><\/div><\/div><\/div><\/div><\/section>","protected":false},"excerpt":{"rendered":"","protected":false},"author":1,"featured_media":0,"parent":0,"menu_order":0,"comment_status":"closed","ping_status":"closed","template":"","meta":[],"_links":{"self":[{"href":"https:\/\/www.hmmsiguai.com\/site\/wp-json\/wp\/v2\/pages\/3333"}],"collection":[{"href":"https:\/\/www.hmmsiguai.com\/site\/wp-json\/wp\/v2\/pages"}],"about":[{"href":"https:\/\/www.hmmsiguai.com\/site\/wp-json\/wp\/v2\/types\/page"}],"author":[{"embeddable":true,"href":"https:\/\/www.hmmsiguai.com\/site\/wp-json\/wp\/v2\/users\/1"}],"replies":[{"embeddable":true,"href":"https:\/\/www.hmmsiguai.com\/site\/wp-json\/wp\/v2\/comments?post=3333"}],"version-history":[{"count":15,"href":"https:\/\/www.hmmsiguai.com\/site\/wp-json\/wp\/v2\/pages\/3333\/revisions"}],"predecessor-version":[{"id":3395,"href":"https:\/\/www.hmmsiguai.com\/site\/wp-json\/wp\/v2\/pages\/3333\/revisions\/3395"}],"wp:attachment":[{"href":"https:\/\/www.hmmsiguai.com\/site\/wp-json\/wp\/v2\/media?parent=3333"}],"curies":[{"name":"wp","href":"https:\/\/api.w.org\/{rel}","templated":true}]}}